{"id":72,"date":"2018-01-08T10:53:23","date_gmt":"2018-01-08T09:53:23","guid":{"rendered":"http:\/\/bloganwalt-dresden.de\/?page_id=72"},"modified":"2018-02-04T22:41:02","modified_gmt":"2018-02-04T21:41:02","slug":"rechtliches","status":"publish","type":"page","link":"https:\/\/bloganwalt-dresden.de\/?page_id=72","title":{"rendered":"Rechtliches"},"content":{"rendered":"<p><strong><a href=\"http:\/\/bloganwalt-dresden.de\/wp-content\/uploads\/2018\/01\/cropped-logoBW-1.jpg\"><img loading=\"lazy\" decoding=\"async\" class=\" wp-image-55 aligncenter\" src=\"http:\/\/bloganwalt-dresden.de\/wp-content\/uploads\/2018\/01\/cropped-logoBW-1-300x300.jpg\" alt=\"\" width=\"249\" height=\"249\" srcset=\"https:\/\/bloganwalt-dresden.de\/wp-content\/uploads\/2018\/01\/cropped-logoBW-1-300x300.jpg 300w, https:\/\/bloganwalt-dresden.de\/wp-content\/uploads\/2018\/01\/cropped-logoBW-1-150x150.jpg 150w, https:\/\/bloganwalt-dresden.de\/wp-content\/uploads\/2018\/01\/cropped-logoBW-1-270x270.jpg 270w, https:\/\/bloganwalt-dresden.de\/wp-content\/uploads\/2018\/01\/cropped-logoBW-1-192x192.jpg 192w, https:\/\/bloganwalt-dresden.de\/wp-content\/uploads\/2018\/01\/cropped-logoBW-1-180x180.jpg 180w, https:\/\/bloganwalt-dresden.de\/wp-content\/uploads\/2018\/01\/cropped-logoBW-1-32x32.jpg 32w, https:\/\/bloganwalt-dresden.de\/wp-content\/uploads\/2018\/01\/cropped-logoBW-1.jpg 512w\" sizes=\"auto, (max-width: 249px) 100vw, 249px\" \/><\/a>Dies ist der Blog der Rechtsanwaltskanzlei Wei\u00dfbach.<\/strong><\/p>\n<p><span style=\"font-size: medium;\">Besuchen Sie unsere Homepage <a href=\"http:\/\/www.anwalt-dresden.de\">www.anwalt-dresden.de<\/a>.<\/span><\/p>\n<p><strong><span style=\"font-size: medium;\">Impressum:<\/span><\/strong><\/p>\n<p><span style=\"font-size: medium;\">Das Telemediengesetz (Par.5) erfordert ein Impressum bei gewerblichen Homepages mit folgende Angaben :<\/span><\/p>\n<p><span style=\"font-size: medium;\">Anbieter gem. \u00a7\u00a05 TMG: RAin Anne Katrin Wei\u00dfbach, Leipziger Str. 99 in 01127 Dresden, Tel. 0351-8026604, Fax 0351-8026606, Beruf: Rechtsanw\u00e4lte, verantwortlich: RAin Anne Katrin Wei\u00dfbach<\/span><\/p>\n<p><span style=\"font-size: medium;\"><span style=\"text-decoration: underline;\">Zust\u00e4ndige Berufsvertretung:<\/span><\/span><span style=\"font-size: medium;\">\u00a0Rechtsanwaltskammer Sachsen, <\/span><a href=\"http:\/\/www.rak-sachsen.de\/\" target=\"_blank\" rel=\"noopener\"><span style=\"font-size: medium;\">www.rak-sachsen.de<\/span><\/a><span style=\"font-size: medium;\">, Tel. 0351-315890, Fax 0351-3360899<\/span><\/p>\n<p><span style=\"font-size: medium;\"><span style=\"text-decoration: underline;\">Berufsrechtliche Regelungen:<\/span><\/span><\/p>\n<p><span style=\"font-size: medium;\">Bundesrechtsanwaltsordnung (BRAO), Fachanwaltsordnung (FAO), Berufsrecht (BORA), Rechtsanwaltsverg\u00fctungsgesetz (RVG), Geb\u00fchrenordnung (BRAGO), sowie Standesrecht der Rechtsanw\u00e4lte der Europ\u00e4ischen Gemeinschaft finden Sie auf den Seiten der Bundesrechtsanwaltskammer <\/span><a href=\"http:\/\/www.brak.de\/seiten\/06.php\" target=\"_blank\" rel=\"noopener\"><span style=\"font-size: medium;\">hier<\/span><\/a><span style=\"font-size: medium;\">.<\/span><\/p>\n<p>Weitere Angaben (DL-InfoVO und au\u00dfergerichtliche Streitbeilegung) finden Sie<a href=\"http:\/\/www.anwalt-dresden.de\/impressum.html\"> hier.<\/a><\/p>\n<p>Informationen zum Datenschutz und zur Cookie Behandlung haben wir <a href=\"http:\/\/www.anwalt-dresden.de\/datenschutz-cookies.html\">hier<\/a> zusammengestellt.<\/p>\n<p>&nbsp;<\/p>\n<p><strong><span style=\"font-size: medium;\"><span style=\"text-decoration: underline;\">E-Mailverkehr:<\/span><\/span><\/strong><\/p>\n<p><strong><span style=\"font-size: medium;\">Beachten Sie bitte<\/span><\/strong><span style=\"font-size: medium;\">, dass E-Mails mit personalisierten Adressen nur dann abgerufen werden, wenn der jeweilige Empf\u00e4nger auch anwesend ist. In dringenden F\u00e4llen bitte die allgemeine Adresse <\/span><a href=\"mailto:info@anwalt-dresden.de\"><span style=\"font-size: medium;\">info[at]anwalt-dresden.de <\/span><\/a><span style=\"font-size: medium;\">benutzen <\/span><span style=\"font-size: medium;\"><span style=\"text-decoration: underline;\">und<\/span><\/span><span style=\"font-size: medium;\">\u00a0in jedem Falle telefonisch &#8211; insbesondere bei fristgebundenen Problemen &#8211; r\u00fcckfragen.<\/span><\/p>\n","protected":false},"excerpt":{"rendered":"<p>Dies ist der Blog der Rechtsanwaltskanzlei Wei\u00dfbach. Besuchen Sie unsere Homepage www.anwalt-dresden.de. Impressum: Das Telemediengesetz (Par.5) erfordert ein Impressum bei gewerblichen Homepages mit folgende Angaben : Anbieter gem. \u00a7\u00a05 TMG: RAin Anne Katrin Wei\u00dfbach, Leipziger Str. 99 in 01127 Dresden, Tel. 0351-8026604, Fax 0351-8026606, Beruf: Rechtsanw\u00e4lte, verantwortlich: RAin Anne Katrin Wei\u00dfbach Zust\u00e4ndige Berufsvertretung:\u00a0Rechtsanwaltskammer Sachsen, www.rak-sachsen.de, Tel. 0351-315890, Fax 0351-3360899 Berufsrechtliche Regelungen: Bundesrechtsanwaltsordnung (BRAO), Fachanwaltsordnung (FAO), Berufsrecht (BORA), Rechtsanwaltsverg\u00fctungsgesetz (RVG), Geb\u00fchrenordnung (BRAGO), sowie Standesrecht der Rechtsanw\u00e4lte der Europ\u00e4ischen Gemeinschaft finden Sie&#8230;<\/p>\n<p class=\"read-more\"><a class=\"btn btn-default\" href=\"https:\/\/bloganwalt-dresden.de\/?page_id=72\">Weiterlesen<span class=\"screen-reader-text\"> Weiterlesen<\/span><\/a><\/p>\n","protected":false},"author":2,"featured_media":0,"parent":0,"menu_order":0,"comment_status":"closed","ping_status":"closed","template":"","meta":{"footnotes":""},"class_list":["post-72","page","type-page","status-publish","hentry"],"_links":{"self":[{"href":"https:\/\/bloganwalt-dresden.de\/index.php?rest_route=\/wp\/v2\/pages\/72","targetHints":{"allow":["GET"]}}],"collection":[{"href":"https:\/\/bloganwalt-dresden.de\/index.php?rest_route=\/wp\/v2\/pages"}],"about":[{"href":"https:\/\/bloganwalt-dresden.de\/index.php?rest_route=\/wp\/v2\/types\/page"}],"author":[{"embeddable":true,"href":"https:\/\/bloganwalt-dresden.de\/index.php?rest_route=\/wp\/v2\/users\/2"}],"replies":[{"embeddable":true,"href":"https:\/\/bloganwalt-dresden.de\/index.php?rest_route=%2Fwp%2Fv2%2Fcomments&post=72"}],"version-history":[{"count":1,"href":"https:\/\/bloganwalt-dresden.de\/index.php?rest_route=\/wp\/v2\/pages\/72\/revisions"}],"predecessor-version":[{"id":74,"href":"https:\/\/bloganwalt-dresden.de\/index.php?rest_route=\/wp\/v2\/pages\/72\/revisions\/74"}],"wp:attachment":[{"href":"https:\/\/bloganwalt-dresden.de\/index.php?rest_route=%2Fwp%2Fv2%2Fmedia&parent=72"}],"curies":[{"name":"wp","href":"https:\/\/api.w.org\/{rel}","templated":true}]}}